{"id":3839,"date":"2019-04-25T10:43:02","date_gmt":"2019-04-25T09:43:02","guid":{"rendered":"https:\/\/pintrip.eu\/?page_id=3839"},"modified":"2026-03-11T11:27:41","modified_gmt":"2026-03-11T10:27:41","slug":"pintrip-blog","status":"publish","type":"page","link":"https:\/\/pintrip.eu\/de\/pintrip-blog\/","title":{"rendered":"Pintrip Blog"},"content":{"rendered":"<p>[et_pb_section fb_built=&#8221;1&#8243; custom_padding_last_edited=&#8221;on|phone&#8221; module_id=&#8221;ompintrip&#8221; _builder_version=&#8221;4.16&#8243; max_width=&#8221;75%&#8221; max_width_tablet=&#8221;&#8221; max_width_phone=&#8221;90%&#8221; max_width_last_edited=&#8221;on|phone&#8221; module_alignment=&#8221;center&#8221; custom_margin=&#8221;150px||70px|&#8221; custom_margin_tablet=&#8221;150px|||&#8221; custom_margin_phone=&#8221;110px|10px|50px|10px&#8221; custom_margin_last_edited=&#8221;on|phone&#8221; custom_padding=&#8221;0||70px||false|false&#8221; custom_padding_tablet=&#8221;&#8221; custom_padding_phone=&#8221;0px|0px|20px|0px&#8221; box_shadow_style=&#8221;preset1&#8243; box_shadow_blur=&#8221;17px&#8221; box_shadow_spread=&#8221;2px&#8221; box_shadow_color=&#8221;#eaeaea&#8221; global_colors_info=&#8221;{}&#8221;][et_pb_row custom_padding_last_edited=&#8221;on|phone&#8221; _builder_version=&#8221;4.16&#8243; background_size=&#8221;initial&#8221; background_position=&#8221;top_left&#8221; background_repeat=&#8221;repeat&#8221; custom_margin_tablet=&#8221;&#8221; custom_margin_phone=&#8221;&#8221; custom_margin_last_edited=&#8221;on|tablet&#8221; custom_padding=&#8221;0|0px|25px|0px|false|false&#8221; custom_padding_tablet=&#8221;0px|||&#8221; custom_padding_phone=&#8221;0px||0||false|false&#8221; global_colors_info=&#8221;{}&#8221;][et_pb_column type=&#8221;4_4&#8243; _builder_version=&#8221;4.16&#8243; custom_padding=&#8221;|||&#8221; global_colors_info=&#8221;{}&#8221; custom_padding__hover=&#8221;|||&#8221;][et_pb_text admin_label=&#8221;kontakt tekst&#8221; _builder_version=&#8221;4.27.4&#8243; text_font=&#8221;||||||||&#8221; text_text_color=&#8221;#000000&#8243; header_font=&#8221;||||||||&#8221; header_text_color=&#8221;#ffffff&#8221; header_2_font=&#8221;Titillium Web|700|||||||&#8221; header_2_text_color=&#8221;#000000&#8243; header_2_font_size=&#8221;36px&#8221; hover_enabled=&#8221;0&#8243; header_2_font_size_tablet=&#8221;&#8221; header_2_font_size_phone=&#8221;24px&#8221; header_2_font_size_last_edited=&#8221;on|phone&#8221; global_colors_info=&#8221;{}&#8221; sticky_enabled=&#8221;0&#8243;]<\/p>\n<h1 style=\"text-align: center;\"><span style=\"color: #40614a;\"><strong>PINTRIP BLOG<\/strong><\/span><\/h1>\n<p><span style=\"color: #ffffff;\">.<\/span><\/p>\n<p style=\"text-align: center;\">IM PINTRIP BLOG TEILEN WIR INSPIRATION, TIPPS UND GUTE RATSCHL\u00c4GE F\u00dcR DICH, WENN DU MIT DEM WOHNMOBIL, WOHNWAGEN ODER DACHTELT UNTERWEGS BIST. HIER FINDEST DU GUIDES ZU ERLEBNISSEN IN D\u00c4NEMARK, NEUIGKEITEN VON PINTRIP, ROUTENEMPFEHLUNGEN UND PRAKTISCHE INFORMATIONEN, DIE DIR DIE PLANUNG DEINER N\u00c4CHSTEN REISE ERLEICHTERN.<\/p>\n<p>[\/et_pb_text][et_pb_image src=&#8221;https:\/\/pintrip.eu\/wp-content\/uploads\/2019\/02\/Sk\u00e6rmbillede-2019-02-06-kl.-15.47.45.png&#8221; align=&#8221;center&#8221; align_tablet=&#8221;center&#8221; align_phone=&#8221;&#8221; align_last_edited=&#8221;on|desktop&#8221; _builder_version=&#8221;4.27.4&#8243; global_colors_info=&#8221;{}&#8221;][\/et_pb_image][et_pb_text _builder_version=&#8221;4.27.4&#8243; _module_preset=&#8221;default&#8221; global_colors_info=&#8221;{}&#8221;]<\/p>\n<hr \/>\n<p>&nbsp;<\/p>\n<p>[\/et_pb_text][\/et_pb_column][\/et_pb_row][et_pb_row _builder_version=&#8221;4.16&#8243; background_color=&#8221;rgba(239,239,239,0)&#8221; custom_padding=&#8221;27px|0px|27px|0px|false|false&#8221; global_colors_info=&#8221;{}&#8221;][et_pb_column type=&#8221;4_4&#8243; _builder_version=&#8221;4.16&#8243; background_color=&#8221;rgba(224,224,224,0)&#8221; custom_padding=&#8221;|||&#8221; global_colors_info=&#8221;{}&#8221; custom_padding__hover=&#8221;|||&#8221;][et_pb_blog fullwidth=&#8221;off&#8221; posts_number=&#8221;99&#8243; include_categories=&#8221;64&#8243; show_more=&#8221;on&#8221; show_author=&#8221;off&#8221; show_date=&#8221;off&#8221; show_categories=&#8221;off&#8221; show_pagination=&#8221;off&#8221; _builder_version=&#8221;4.16&#8243; header_level=&#8221;h1&#8243; header_font=&#8221;|600|||||||&#8221; header_text_align=&#8221;center&#8221; header_text_color=&#8221;#40614d&#8221; header_font_size=&#8221;32px&#8221; body_font=&#8221;||on||||||&#8221; meta_font=&#8221;||||||||&#8221; pagination_font=&#8221;||||||||&#8221; background_color=&#8221;rgba(0,0,0,0)&#8221; text_orientation=&#8221;center&#8221; module_alignment=&#8221;center&#8221; custom_margin=&#8221;||&#8221; custom_padding=&#8221;||&#8221; border_width_all=&#8221;0px&#8221; global_colors_info=&#8221;{}&#8221;][\/et_pb_blog][\/et_pb_column][\/et_pb_row][\/et_pb_section]<\/p>\n","protected":false},"excerpt":{"rendered":"<p>[et_pb_section fb_built=&#8221;1&#8243; custom_padding_last_edited=&#8221;on|phone&#8221; module_id=&#8221;ompintrip&#8221; _builder_version=&#8221;4.16&#8243; max_width=&#8221;75%&#8221; max_width_tablet=&#8221;&#8221; max_width_phone=&#8221;90%&#8221; max_width_last_edited=&#8221;on|phone&#8221; module_alignment=&#8221;center&#8221; custom_margin=&#8221;150px||70px|&#8221; custom_margin_tablet=&#8221;150px|||&#8221; custom_margin_phone=&#8221;110px|10px|50px|10px&#8221; custom_margin_last_edited=&#8221;on|phone&#8221; custom_padding=&#8221;0||70px||false|false&#8221; custom_padding_tablet=&#8221;&#8221; custom_padding_phone=&#8221;0px|0px|20px|0px&#8221; box_shadow_style=&#8221;preset1&#8243; box_shadow_blur=&#8221;17px&#8221; box_shadow_spread=&#8221;2px&#8221; box_shadow_color=&#8221;#eaeaea&#8221; global_colors_info=&#8221;{}&#8221;][et_pb_row custom_padding_last_edited=&#8221;on|phone&#8221; _builder_version=&#8221;4.16&#8243; background_size=&#8221;initial&#8221; background_position=&#8221;top_left&#8221; background_repeat=&#8221;repeat&#8221; custom_margin_tablet=&#8221;&#8221; custom_margin_phone=&#8221;&#8221; custom_margin_last_edited=&#8221;on|tablet&#8221; custom_padding=&#8221;0|0px|25px|0px|false|false&#8221; custom_padding_tablet=&#8221;0px|||&#8221; custom_padding_phone=&#8221;0px||0||false|false&#8221; global_colors_info=&#8221;{}&#8221;][et_pb_column type=&#8221;4_4&#8243; _builder_version=&#8221;4.16&#8243; custom_padding=&#8221;|||&#8221; global_colors_info=&#8221;{}&#8221; custom_padding__hover=&#8221;|||&#8221;][et_pb_text admin_label=&#8221;kontakt tekst&#8221; _builder_version=&#8221;4.27.4&#8243; text_font=&#8221;||||||||&#8221; text_text_color=&#8221;#000000&#8243; header_font=&#8221;||||||||&#8221; header_text_color=&#8221;#ffffff&#8221; header_2_font=&#8221;Titillium Web|700|||||||&#8221; header_2_text_color=&#8221;#000000&#8243; header_2_font_size=&#8221;36px&#8221; hover_enabled=&#8221;0&#8243; header_2_font_size_tablet=&#8221;&#8221; header_2_font_size_phone=&#8221;24px&#8221; header_2_font_size_last_edited=&#8221;on|phone&#8221; global_colors_info=&#8221;{}&#8221; [&hellip;]<\/p>\n","protected":false},"author":4,"featured_media":0,"parent":0,"menu_order":0,"comment_status":"closed","ping_status":"closed","template":"","meta":{"_et_pb_use_builder":"on","_et_pb_old_content":"","_et_gb_content_width":"","footnotes":""},"class_list":["post-3839","page","type-page","status-publish","hentry"],"yoast_head":"<!-- This site is optimized with the Yoast SEO plugin v27.5 - https:\/\/yoast.com\/product\/yoast-seo-wordpress\/ -->\n<title>Pintrip Blog | Wohnmobil Tipps &amp; D\u00e4nemark Reiseguides<\/title>\n<meta name=\"description\" content=\"Im Pintrip Blog findest du Tipps, Inspiration und Guides f\u00fcr Reisen mit Wohnmobil, Wohnwagen oder Dachzelt \u2013 inklusive Routen, News und D\u00e4nemark-Erlebnissen.\" \/>\n<meta name=\"robots\" content=\"index, follow, max-snippet:-1, max-image-preview:large, max-video-preview:-1\" \/>\n<link rel=\"canonical\" href=\"https:\/\/pintrip.eu\/de\/pintrip-blog\/\" \/>\n<meta property=\"og:locale\" content=\"de_DE\" \/>\n<meta property=\"og:type\" content=\"article\" \/>\n<meta property=\"og:title\" content=\"Pintrip Blog | Wohnmobil Tipps &amp; D\u00e4nemark Reiseguides\" \/>\n<meta property=\"og:description\" content=\"Im Pintrip Blog findest du Tipps, Inspiration und Guides f\u00fcr Reisen mit Wohnmobil, Wohnwagen oder Dachzelt \u2013 inklusive Routen, News und D\u00e4nemark-Erlebnissen.\" \/>\n<meta property=\"og:url\" content=\"https:\/\/pintrip.eu\/de\/pintrip-blog\/\" \/>\n<meta property=\"og:site_name\" content=\"pintrip.eu\/de\" \/>\n<meta property=\"article:modified_time\" content=\"2026-03-11T10:27:41+00:00\" \/>\n<meta property=\"og:image\" content=\"https:\/\/pintrip.eu\/de\/wp-content\/uploads\/sites\/8\/2020\/04\/Pintrip_2020-11.jpg\" \/>\n\t<meta property=\"og:image:width\" content=\"460\" \/>\n\t<meta property=\"og:image:height\" content=\"306\" \/>\n\t<meta property=\"og:image:type\" content=\"image\/jpeg\" \/>\n<meta name=\"twitter:card\" content=\"summary_large_image\" \/>\n<meta name=\"twitter:label1\" content=\"Gesch\u00e4tzte Lesezeit\" \/>\n\t<meta name=\"twitter:data1\" content=\"12\u00a0Minuten\" \/>\n<script type=\"application\/ld+json\" class=\"yoast-schema-graph\">{\"@context\":\"https:\\\/\\\/schema.org\",\"@graph\":[{\"@type\":\"WebPage\",\"@id\":\"https:\\\/\\\/pintrip.eu\\\/de\\\/pintrip-blog\\\/\",\"url\":\"https:\\\/\\\/pintrip.eu\\\/de\\\/pintrip-blog\\\/\",\"name\":\"Pintrip Blog | Wohnmobil Tipps & D\u00e4nemark Reiseguides\",\"isPartOf\":{\"@id\":\"https:\\\/\\\/pintrip.eu\\\/de\\\/#website\"},\"datePublished\":\"2019-04-25T09:43:02+00:00\",\"dateModified\":\"2026-03-11T10:27:41+00:00\",\"description\":\"Im Pintrip Blog findest du Tipps, Inspiration und Guides f\u00fcr Reisen mit Wohnmobil, Wohnwagen oder Dachzelt \u2013 inklusive Routen, News und D\u00e4nemark-Erlebnissen.\",\"breadcrumb\":{\"@id\":\"https:\\\/\\\/pintrip.eu\\\/de\\\/pintrip-blog\\\/#breadcrumb\"},\"inLanguage\":\"de\",\"potentialAction\":[{\"@type\":\"ReadAction\",\"target\":[\"https:\\\/\\\/pintrip.eu\\\/de\\\/pintrip-blog\\\/\"]}]},{\"@type\":\"BreadcrumbList\",\"@id\":\"https:\\\/\\\/pintrip.eu\\\/de\\\/pintrip-blog\\\/#breadcrumb\",\"itemListElement\":[{\"@type\":\"ListItem\",\"position\":1,\"name\":\"Hjem\",\"item\":\"https:\\\/\\\/pintrip.eu\\\/de\\\/\"},{\"@type\":\"ListItem\",\"position\":2,\"name\":\"Pintrip Blog\"}]},{\"@type\":\"WebSite\",\"@id\":\"https:\\\/\\\/pintrip.eu\\\/de\\\/#website\",\"url\":\"https:\\\/\\\/pintrip.eu\\\/de\\\/\",\"name\":\"pintrip.eu\\\/de\",\"description\":\"a way of living\",\"potentialAction\":[{\"@type\":\"SearchAction\",\"target\":{\"@type\":\"EntryPoint\",\"urlTemplate\":\"https:\\\/\\\/pintrip.eu\\\/de\\\/?s={search_term_string}\"},\"query-input\":{\"@type\":\"PropertyValueSpecification\",\"valueRequired\":true,\"valueName\":\"search_term_string\"}}],\"inLanguage\":\"de\"}]}<\/script>\n<!-- \/ Yoast SEO plugin. -->","yoast_head_json":{"title":"Pintrip Blog | Wohnmobil Tipps & D\u00e4nemark Reiseguides","description":"Im Pintrip Blog findest du Tipps, Inspiration und Guides f\u00fcr Reisen mit Wohnmobil, Wohnwagen oder Dachzelt \u2013 inklusive Routen, News und D\u00e4nemark-Erlebnissen.","robots":{"index":"index","follow":"follow","max-snippet":"max-snippet:-1","max-image-preview":"max-image-preview:large","max-video-preview":"max-video-preview:-1"},"canonical":"https:\/\/pintrip.eu\/de\/pintrip-blog\/","og_locale":"de_DE","og_type":"article","og_title":"Pintrip Blog | Wohnmobil Tipps & D\u00e4nemark Reiseguides","og_description":"Im Pintrip Blog findest du Tipps, Inspiration und Guides f\u00fcr Reisen mit Wohnmobil, Wohnwagen oder Dachzelt \u2013 inklusive Routen, News und D\u00e4nemark-Erlebnissen.","og_url":"https:\/\/pintrip.eu\/de\/pintrip-blog\/","og_site_name":"pintrip.eu\/de","article_modified_time":"2026-03-11T10:27:41+00:00","og_image":[{"width":460,"height":306,"url":"https:\/\/pintrip.eu\/de\/wp-content\/uploads\/sites\/8\/2020\/04\/Pintrip_2020-11.jpg","type":"image\/jpeg"}],"twitter_card":"summary_large_image","twitter_misc":{"Gesch\u00e4tzte Lesezeit":"12\u00a0Minuten"},"schema":{"@context":"https:\/\/schema.org","@graph":[{"@type":"WebPage","@id":"https:\/\/pintrip.eu\/de\/pintrip-blog\/","url":"https:\/\/pintrip.eu\/de\/pintrip-blog\/","name":"Pintrip Blog | Wohnmobil Tipps & D\u00e4nemark Reiseguides","isPartOf":{"@id":"https:\/\/pintrip.eu\/de\/#website"},"datePublished":"2019-04-25T09:43:02+00:00","dateModified":"2026-03-11T10:27:41+00:00","description":"Im Pintrip Blog findest du Tipps, Inspiration und Guides f\u00fcr Reisen mit Wohnmobil, Wohnwagen oder Dachzelt \u2013 inklusive Routen, News und D\u00e4nemark-Erlebnissen.","breadcrumb":{"@id":"https:\/\/pintrip.eu\/de\/pintrip-blog\/#breadcrumb"},"inLanguage":"de","potentialAction":[{"@type":"ReadAction","target":["https:\/\/pintrip.eu\/de\/pintrip-blog\/"]}]},{"@type":"BreadcrumbList","@id":"https:\/\/pintrip.eu\/de\/pintrip-blog\/#breadcrumb","itemListElement":[{"@type":"ListItem","position":1,"name":"Hjem","item":"https:\/\/pintrip.eu\/de\/"},{"@type":"ListItem","position":2,"name":"Pintrip Blog"}]},{"@type":"WebSite","@id":"https:\/\/pintrip.eu\/de\/#website","url":"https:\/\/pintrip.eu\/de\/","name":"pintrip.eu\/de","description":"a way of living","potentialAction":[{"@type":"SearchAction","target":{"@type":"EntryPoint","urlTemplate":"https:\/\/pintrip.eu\/de\/?s={search_term_string}"},"query-input":{"@type":"PropertyValueSpecification","valueRequired":true,"valueName":"search_term_string"}}],"inLanguage":"de"}]}},"_links":{"self":[{"href":"https:\/\/pintrip.eu\/de\/wp-json\/wp\/v2\/pages\/3839","targetHints":{"allow":["GET"]}}],"collection":[{"href":"https:\/\/pintrip.eu\/de\/wp-json\/wp\/v2\/pages"}],"about":[{"href":"https:\/\/pintrip.eu\/de\/wp-json\/wp\/v2\/types\/page"}],"author":[{"embeddable":true,"href":"https:\/\/pintrip.eu\/de\/wp-json\/wp\/v2\/users\/4"}],"replies":[{"embeddable":true,"href":"https:\/\/pintrip.eu\/de\/wp-json\/wp\/v2\/comments?post=3839"}],"version-history":[{"count":20,"href":"https:\/\/pintrip.eu\/de\/wp-json\/wp\/v2\/pages\/3839\/revisions"}],"predecessor-version":[{"id":27004,"href":"https:\/\/pintrip.eu\/de\/wp-json\/wp\/v2\/pages\/3839\/revisions\/27004"}],"wp:attachment":[{"href":"https:\/\/pintrip.eu\/de\/wp-json\/wp\/v2\/media?parent=3839"}],"curies":[{"name":"wp","href":"https:\/\/api.w.org\/{rel}","templated":true}]}}