{"id":26753,"date":"2026-02-16T18:04:58","date_gmt":"2026-02-16T17:04:58","guid":{"rendered":"https:\/\/pintrip.eu\/de\/?page_id=26753"},"modified":"2026-03-11T09:38:34","modified_gmt":"2026-03-11T08:38:34","slug":"dachzelt","status":"publish","type":"page","link":"https:\/\/pintrip.eu\/de\/dachzelt\/","title":{"rendered":"Dachzelt"},"content":{"rendered":"<p>[et_pb_section fb_built=&#8221;1&#8243; custom_padding_last_edited=&#8221;on|phone&#8221; module_id=&#8221;ompintrip&#8221; _builder_version=&#8221;4.16&#8243; max_width=&#8221;75%&#8221; max_width_tablet=&#8221;&#8221; max_width_phone=&#8221;90%&#8221; max_width_last_edited=&#8221;on|phone&#8221; module_alignment=&#8221;center&#8221; custom_margin=&#8221;150px||70px|&#8221; custom_margin_tablet=&#8221;150px|||&#8221; custom_margin_phone=&#8221;110px|10px|50px|10px&#8221; custom_margin_last_edited=&#8221;on|phone&#8221; custom_padding=&#8221;0||70px||false|false&#8221; custom_padding_tablet=&#8221;&#8221; custom_padding_phone=&#8221;0px|0px|20px|0px&#8221; box_shadow_style=&#8221;preset1&#8243; box_shadow_blur=&#8221;17px&#8221; box_shadow_spread=&#8221;2px&#8221; box_shadow_color=&#8221;#eaeaea&#8221; global_colors_info=&#8221;{}&#8221;][et_pb_row custom_padding_last_edited=&#8221;on|phone&#8221; _builder_version=&#8221;4.16&#8243; background_size=&#8221;initial&#8221; background_position=&#8221;top_left&#8221; background_repeat=&#8221;repeat&#8221; custom_margin_tablet=&#8221;&#8221; custom_margin_phone=&#8221;&#8221; custom_margin_last_edited=&#8221;on|tablet&#8221; custom_padding=&#8221;0|0px|24px|0px|false|false&#8221; custom_padding_tablet=&#8221;0px|||&#8221; custom_padding_phone=&#8221;0px|||&#8221; global_colors_info=&#8221;{}&#8221;][et_pb_column type=&#8221;4_4&#8243; _builder_version=&#8221;4.16&#8243; custom_padding=&#8221;|||&#8221; global_colors_info=&#8221;{}&#8221; custom_padding__hover=&#8221;|||&#8221;][et_pb_text _builder_version=&#8221;4.27.4&#8243; _module_preset=&#8221;default&#8221; global_colors_info=&#8221;{}&#8221;]<\/p>\n<h1 style=\"text-align: center;\"><span style=\"color: #40614a;\"><strong>PINTRIP MIT DACHZELT<\/strong><\/span><\/h1>\n<p>[\/et_pb_text][et_pb_image src=&#8221;https:\/\/pintrip.eu\/de\/wp-content\/uploads\/sites\/8\/2021\/09\/Skaermbillede-2019-02-06-kl.-15.47.45.png&#8221; title_text=&#8221;Skaermbillede-2019-02-06-kl.-15.47.45&#8243; align=&#8221;center&#8221; _builder_version=&#8221;4.27.4&#8243; _module_preset=&#8221;default&#8221; global_colors_info=&#8221;{}&#8221;][\/et_pb_image][et_pb_text _builder_version=&#8221;4.27.4&#8243; _module_preset=&#8221;default&#8221; global_colors_info=&#8221;{}&#8221;]<\/p>\n<p style=\"text-align: center;\" data-start=\"26\" data-end=\"433\">Pintrip ist ein Reise- und Erlebnisf\u00fchrer f\u00fcr alle, die spontan reisen und D\u00e4nemark auf eine lokale und authentische Weise entdecken m\u00f6chten. Als Mitglied erh\u00e4ltst du Zugang zu einem Netzwerk von Gastgebern in ganz D\u00e4nemark, bei denen du bis zu 24 Stunden kostenlos parken und \u00fcbernachten kannst \u2013 und dabei Orte wie Hofl\u00e4den, Weing\u00fcter, Brauereien, Molkereien und kleine lokale Sehensw\u00fcrdigkeiten besuchst.<\/p>\n<p style=\"text-align: center;\" data-start=\"435\" data-end=\"788\">Das Dachzelt ist eine besonders flexible Reiseform, und deshalb hei\u00dfen die meisten Pintrip-Gastgeber auch Dachzelte willkommen. Aktuell akzeptieren rund 250 unserer 300 Gastgeber Dachzelte. Diese sind in der App mit einem Dachzelt-Symbol gekennzeichnet. Du kannst die Suche au\u00dferdem so filtern, dass dir nur dachzelttaugliche Gastgeber angezeigt werden.<\/p>\n<p style=\"text-align: center;\" data-start=\"790\" data-end=\"1055\"><strong>Es ist wichtig zu betonen, dass jeder Gastgeber selbst entscheidet, welche Fahrzeugtypen er zul\u00e4sst. Ist im Profil kein Dachzelt-Symbol angegeben, sind Dachzelte dort nicht erlaubt \u2013 bitte kontaktiere den Gastgeber in diesem Fall nicht, um nach Ausnahmen zu fragen.<\/strong><\/p>\n<p style=\"text-align: center;\" data-start=\"1057\" data-end=\"1458\">Pintrip ist kein Campingplatz-Konzept. Das bedeutet unter anderem, dass Zelte jeglicher Art (einschlie\u00dflich Pop-up- und Vorzelte) nicht erlaubt sind. Das Dachzelt gilt als Teil des Fahrzeugs und ist daher bei den Gastgebern erlaubt, die diese Reiseform akzeptieren. <strong>Es ist nicht gestattet, das Gel\u00e4nde als Toilette zu nutzen, im Freien zu duschen oder Ausr\u00fcstung ohne vorherige Absprache aufzustellen.<\/strong><\/p>\n<p style=\"text-align: center;\" data-start=\"1460\" data-end=\"1735\">Pintrip arbeitet zudem mit <strong data-start=\"1487\" data-end=\"1504\">Moby Mountain<\/strong> zusammen, einem Spezialisten f\u00fcr Dachzelte und Outdoor-Ausr\u00fcstung. Die Zusammenarbeit basiert auf gemeinsamen Werten wie Freiheit, Abenteuer und Naturerlebnissen \u2013 und macht es noch einfacher, mit dem Dachzelt auf Reisen zu gehen.<\/p>\n<p style=\"text-align: center;\" data-start=\"1737\" data-end=\"2035\" data-is-last-node=\"\" data-is-only-node=\"\"><strong>Wenn du mit Dachzelt reist, empfehlen wir, ein mobiles WC mitzunehmen, um dein Mitgliedschaft optimal zu nutzen. Reist du ohne eigenes WC, darfst du nur bei Gastgebern \u00fcbernachten, die rund um die Uhr Zugang zu Toiletten anbieten. Diese Gastgeber sind in der App mit einem WC-Symbol gekennzeichnet.<\/strong><\/p>\n<p>[\/et_pb_text][et_pb_text _builder_version=&#8221;4.27.4&#8243; _module_preset=&#8221;default&#8221; global_colors_info=&#8221;{}&#8221;]<\/p>\n<hr \/>\n<p>&nbsp;<\/p>\n<p>[\/et_pb_text][\/et_pb_column][\/et_pb_row][et_pb_row column_structure=&#8221;1_3,1_3,1_3&#8243; custom_padding_last_edited=&#8221;on|phone&#8221; _builder_version=&#8221;4.16&#8243; background_size=&#8221;initial&#8221; background_position=&#8221;top_left&#8221; background_repeat=&#8221;repeat&#8221; custom_margin_tablet=&#8221;&#8221; custom_margin_phone=&#8221;&#8221; custom_margin_last_edited=&#8221;on|tablet&#8221; custom_padding=&#8221;0|0px|24px|0px|false|false&#8221; custom_padding_tablet=&#8221;0px|||&#8221; custom_padding_phone=&#8221;0px|||&#8221; global_colors_info=&#8221;{}&#8221;][et_pb_column type=&#8221;1_3&#8243; _builder_version=&#8221;4.16&#8243; custom_padding=&#8221;|||&#8221; global_colors_info=&#8221;{}&#8221; custom_padding__hover=&#8221;|||&#8221;][\/et_pb_column][et_pb_column type=&#8221;1_3&#8243; _builder_version=&#8221;4.16&#8243; custom_padding=&#8221;|||&#8221; global_colors_info=&#8221;{}&#8221; custom_padding__hover=&#8221;|||&#8221;][et_pb_text _builder_version=&#8221;4.27.4&#8243; _module_preset=&#8221;default&#8221; global_colors_info=&#8221;{}&#8221;]<\/p>\n<h2 style=\"text-align: center;\"><span style=\"color: #40614a;\"><strong>ENTDECKE HIER DIE TOLLEN DACHTZELTE<\/strong><\/span><\/h2>\n<p>[\/et_pb_text][et_pb_image src=&#8221;https:\/\/pintrip.eu\/de\/wp-content\/uploads\/sites\/8\/2026\/02\/Moby-Mountain-Original-I-Black-logo-Transperant-background-scaled.png&#8221; title_text=&#8221;Moby Mountain Original I Black logo Transperant background&#8221; url=&#8221;https:\/\/mobymountain.com\/de\/?ver=1773058184&#8243; url_new_window=&#8221;on&#8221; _builder_version=&#8221;4.27.4&#8243; _module_preset=&#8221;default&#8221; global_colors_info=&#8221;{}&#8221;][\/et_pb_image][\/et_pb_column][et_pb_column type=&#8221;1_3&#8243; _builder_version=&#8221;4.16&#8243; custom_padding=&#8221;|||&#8221; global_colors_info=&#8221;{}&#8221; custom_padding__hover=&#8221;|||&#8221;][\/et_pb_column][\/et_pb_row][et_pb_row custom_padding_last_edited=&#8221;on|phone&#8221; _builder_version=&#8221;4.16&#8243; background_size=&#8221;initial&#8221; background_position=&#8221;top_left&#8221; background_repeat=&#8221;repeat&#8221; custom_margin_tablet=&#8221;&#8221; custom_margin_phone=&#8221;&#8221; custom_margin_last_edited=&#8221;on|tablet&#8221; custom_padding=&#8221;0|0px|24px|0px|false|false&#8221; custom_padding_tablet=&#8221;0px|||&#8221; custom_padding_phone=&#8221;0px|||&#8221; global_colors_info=&#8221;{}&#8221;][et_pb_column type=&#8221;4_4&#8243; _builder_version=&#8221;4.16&#8243; custom_padding=&#8221;|||&#8221; global_colors_info=&#8221;{}&#8221; custom_padding__hover=&#8221;|||&#8221;][et_pb_text _builder_version=&#8221;4.27.4&#8243; _module_preset=&#8221;default&#8221; global_colors_info=&#8221;{}&#8221;]<\/p>\n<hr \/>\n<p>&nbsp;<\/p>\n<p>[\/et_pb_text][\/et_pb_column][\/et_pb_row][et_pb_row column_structure=&#8221;1_2,1_2&#8243; _builder_version=&#8221;4.27.4&#8243; _module_preset=&#8221;default&#8221; global_colors_info=&#8221;{}&#8221;][et_pb_column type=&#8221;1_2&#8243; _builder_version=&#8221;4.27.4&#8243; _module_preset=&#8221;default&#8221; global_colors_info=&#8221;{}&#8221;][et_pb_divider show_divider=&#8221;off&#8221; _builder_version=&#8221;4.27.4&#8243; _module_preset=&#8221;default&#8221; global_colors_info=&#8221;{}&#8221;][\/et_pb_divider][et_pb_divider show_divider=&#8221;off&#8221; _builder_version=&#8221;4.27.4&#8243; _module_preset=&#8221;default&#8221; global_colors_info=&#8221;{}&#8221;][\/et_pb_divider][et_pb_text _builder_version=&#8221;4.27.4&#8243; _module_preset=&#8221;default&#8221; global_colors_info=&#8221;{}&#8221;]<\/p>\n<h2><strong>Achte auf das Symbol<br \/><span style=\"color: #ffffff;\">.<\/span><\/strong><\/h2>\n<p>Aktuell hei\u00dfen rund 250 unserer 300 Gastgeber auch Dachzelte willkommen.<\/p>\n<p>Diese Gastgeber sind in der App mit einem Dachzelt-Symbol gekennzeichnet, und du kannst die Suche so filtern, dass dir nur dachzelttaugliche Gastgeber angezeigt werden.<\/p>\n<p>[\/et_pb_text][\/et_pb_column][et_pb_column type=&#8221;1_2&#8243; _builder_version=&#8221;4.27.4&#8243; _module_preset=&#8221;default&#8221; global_colors_info=&#8221;{}&#8221;][et_pb_image src=&#8221;https:\/\/pintrip.eu\/de\/wp-content\/uploads\/sites\/8\/2026\/02\/PEAK-XXL-I-Horizontal-I-Moby-Mountain-roof-top-tents-51-fotor-2026021215755.png&#8221; title_text=&#8221;PEAK XXL I Horizontal I Moby Mountain roof top tents (51)-fotor-2026021215755&#8243; _builder_version=&#8221;4.27.4&#8243; _module_preset=&#8221;default&#8221; global_colors_info=&#8221;{}&#8221;][\/et_pb_image][\/et_pb_column][\/et_pb_row][et_pb_row column_structure=&#8221;1_2,1_2&#8243; _builder_version=&#8221;4.27.4&#8243; _module_preset=&#8221;default&#8221; global_colors_info=&#8221;{}&#8221;][et_pb_column type=&#8221;1_2&#8243; _builder_version=&#8221;4.27.4&#8243; _module_preset=&#8221;default&#8221; global_colors_info=&#8221;{}&#8221;][et_pb_image src=&#8221;https:\/\/pintrip.eu\/de\/wp-content\/uploads\/sites\/8\/2026\/02\/PEAK-XL-I-Horizontal-I-Moby-Mountain-roof-top-tent-45.jpg&#8221; title_text=&#8221;Design uden navn &#8211; 1&#8243; _builder_version=&#8221;4.27.4&#8243; _module_preset=&#8221;default&#8221; global_colors_info=&#8221;{}&#8221;][\/et_pb_image][\/et_pb_column][et_pb_column type=&#8221;1_2&#8243; _builder_version=&#8221;4.27.4&#8243; _module_preset=&#8221;default&#8221; global_colors_info=&#8221;{}&#8221;][et_pb_divider show_divider=&#8221;off&#8221; _builder_version=&#8221;4.27.4&#8243; _module_preset=&#8221;default&#8221; global_colors_info=&#8221;{}&#8221;][\/et_pb_divider][et_pb_divider show_divider=&#8221;off&#8221; _builder_version=&#8221;4.27.4&#8243; _module_preset=&#8221;default&#8221; global_colors_info=&#8221;{}&#8221;][\/et_pb_divider][et_pb_text _builder_version=&#8221;4.27.4&#8243; _module_preset=&#8221;default&#8221; global_colors_info=&#8221;{}&#8221;]<\/p>\n<h2><strong>Mit dem Dachzelt in Europa<br \/><span style=\"color: #ffffff;\">.<\/span><\/strong><\/h2>\n<p data-start=\"31\" data-end=\"307\">Wenn du mit dem Dachzelt auch au\u00dferhalb D\u00e4nemarks nach dem Pintrip-Prinzip reisen m\u00f6chtest, gibt es \u00e4hnliche Netzwerke in Europa. Einige von Pintrips Partnernetzwerken hei\u00dfen ebenfalls Dachzelte willkommen \u2013 abh\u00e4ngig von lokalen Regelungen und den M\u00f6glichkeiten der Gastgeber.<\/p>\n<p data-start=\"309\" data-end=\"457\" data-is-last-node=\"\" data-is-only-node=\"\">Du kannst zum Beispiel Netzwerke wie <a href=\"https:\/\/nortrip.no\/de\/\"><strong data-start=\"346\" data-end=\"357\">Nortrip<\/strong> <\/a>in Norwegen und Schweden sowie <a href=\"https:\/\/landvergnuegen.com\/\"><strong data-start=\"389\" data-end=\"406\">Landvergn\u00fcgen<\/strong><\/a> in Deutschland, der Schweiz und \u00d6sterreich nutzen.<\/p>\n<p>[\/et_pb_text][\/et_pb_column][\/et_pb_row][et_pb_row column_structure=&#8221;1_2,1_6,1_6,1_6&#8243; _builder_version=&#8221;4.25.0&#8243; _module_preset=&#8221;default&#8221; global_colors_info=&#8221;{}&#8221;][et_pb_column type=&#8221;1_2&#8243; _builder_version=&#8221;4.25.0&#8243; _module_preset=&#8221;default&#8221; global_colors_info=&#8221;{}&#8221;][et_pb_text admin_label=&#8221;kontakt tekst&#8221; _builder_version=&#8221;4.27.4&#8243; text_font=&#8221;||||||||&#8221; text_text_color=&#8221;#000000&#8243; header_font=&#8221;||||||||&#8221; header_text_color=&#8221;#ffffff&#8221; header_2_font=&#8221;Titillium Web|700|||||||&#8221; header_2_text_color=&#8221;#000000&#8243; header_2_font_size=&#8221;36px&#8221; header_2_font_size_tablet=&#8221;&#8221; header_2_font_size_phone=&#8221;24px&#8221; header_2_font_size_last_edited=&#8221;on|phone&#8221; global_colors_info=&#8221;{}&#8221;]<\/p>\n<h3><strong>Laden Sie die Pintrip-App und testen Sie die Demoversion kostenlos\u00a0<\/strong><\/h3>\n<p>[\/et_pb_text][\/et_pb_column][et_pb_column type=&#8221;1_6&#8243; _builder_version=&#8221;4.25.0&#8243; _module_preset=&#8221;default&#8221; global_colors_info=&#8221;{}&#8221;][\/et_pb_column][et_pb_column type=&#8221;1_6&#8243; _builder_version=&#8221;4.25.0&#8243; _module_preset=&#8221;default&#8221; global_colors_info=&#8221;{}&#8221;][et_pb_text _builder_version=&#8221;4.27.4&#8243; _module_preset=&#8221;default&#8221; global_colors_info=&#8221;{}&#8221;][\/et_pb_text][et_pb_image src=&#8221;https:\/\/pintrip.eu\/de\/wp-content\/uploads\/sites\/8\/2024\/11\/google-play-badge.png&#8221; title_text=&#8221;google-play-badge&#8221; url=&#8221;https:\/\/play.google.com\/store\/apps\/details?id=dk.detgodefirma.pintrip&#8221; url_new_window=&#8221;on&#8221; _builder_version=&#8221;4.25.0&#8243; _module_preset=&#8221;default&#8221; global_colors_info=&#8221;{}&#8221;][\/et_pb_image][\/et_pb_column][et_pb_column type=&#8221;1_6&#8243; _builder_version=&#8221;4.25.0&#8243; _module_preset=&#8221;default&#8221; global_colors_info=&#8221;{}&#8221;][et_pb_text _builder_version=&#8221;4.25.0&#8243; _module_preset=&#8221;default&#8221; global_colors_info=&#8221;{}&#8221;][\/et_pb_text][et_pb_image src=&#8221;https:\/\/pintrip.eu\/de\/wp-content\/uploads\/sites\/8\/2024\/11\/Download_on_the_App_Store_Badge.svg-e1733317223249.png&#8221; title_text=&#8221;Download_on_the_App_Store_Badge.svg&#8221; url=&#8221;https:\/\/apps.apple.com\/dk\/app\/pintrip-motorhome-stopovers\/id1501589360&#8243; url_new_window=&#8221;on&#8221; _builder_version=&#8221;4.25.0&#8243; _module_preset=&#8221;default&#8221; global_colors_info=&#8221;{}&#8221;][\/et_pb_image][\/et_pb_column][\/et_pb_row][\/et_pb_section]<\/p>\n","protected":false},"excerpt":{"rendered":"<p>PINTRIP MIT DACHZELTPintrip ist ein Reise- und Erlebnisf\u00fchrer f\u00fcr alle, die spontan reisen und D\u00e4nemark auf eine lokale und authentische Weise entdecken m\u00f6chten. Als Mitglied erh\u00e4ltst du Zugang zu einem Netzwerk von Gastgebern in ganz D\u00e4nemark, bei denen du bis zu 24 Stunden kostenlos parken und \u00fcbernachten kannst \u2013 und dabei Orte wie Hofl\u00e4den, Weing\u00fcter, [&hellip;]<\/p>\n","protected":false},"author":4,"featured_media":0,"parent":0,"menu_order":0,"comment_status":"closed","ping_status":"closed","template":"","meta":{"_et_pb_use_builder":"on","_et_pb_old_content":"","_et_gb_content_width":"","footnotes":""},"class_list":["post-26753","page","type-page","status-publish","hentry"],"yoast_head":"<!-- This site is optimized with the Yoast SEO plugin v27.5 - https:\/\/yoast.com\/product\/yoast-seo-wordpress\/ -->\n<title>Pintrip mit Dachzelt | Kostenlos \u00fcbernachten in D\u00e4nemark<\/title>\n<meta name=\"description\" content=\"Reise mit Dachzelt durch D\u00e4nemark und \u00fcbernachte bis zu 24 Stunden kostenlos bei ausgew\u00e4hlten Pintrip-Gastgebern. Erfahre hier, worauf du achten solltest.\" \/>\n<meta name=\"robots\" content=\"index, follow, max-snippet:-1, max-image-preview:large, max-video-preview:-1\" \/>\n<link rel=\"canonical\" href=\"https:\/\/pintrip.eu\/de\/dachzelt\/\" \/>\n<meta property=\"og:locale\" content=\"de_DE\" \/>\n<meta property=\"og:type\" content=\"article\" \/>\n<meta property=\"og:title\" content=\"Pintrip mit Dachzelt | Kostenlos \u00fcbernachten in D\u00e4nemark\" \/>\n<meta property=\"og:description\" content=\"Reise mit Dachzelt durch D\u00e4nemark und \u00fcbernachte bis zu 24 Stunden kostenlos bei ausgew\u00e4hlten Pintrip-Gastgebern. Erfahre hier, worauf du achten solltest.\" \/>\n<meta property=\"og:url\" content=\"https:\/\/pintrip.eu\/de\/dachzelt\/\" \/>\n<meta property=\"og:site_name\" content=\"pintrip.eu\/de\" \/>\n<meta property=\"article:modified_time\" content=\"2026-03-11T08:38:34+00:00\" \/>\n<meta property=\"og:image\" content=\"https:\/\/pintrip.eu\/de\/wp-content\/uploads\/sites\/8\/2020\/04\/Pintrip_2020-11.jpg\" \/>\n\t<meta property=\"og:image:width\" content=\"460\" \/>\n\t<meta property=\"og:image:height\" content=\"306\" \/>\n\t<meta property=\"og:image:type\" content=\"image\/jpeg\" \/>\n<meta name=\"twitter:card\" content=\"summary_large_image\" \/>\n<meta name=\"twitter:label1\" content=\"Gesch\u00e4tzte Lesezeit\" \/>\n\t<meta name=\"twitter:data1\" content=\"4\u00a0Minuten\" \/>\n<script type=\"application\/ld+json\" class=\"yoast-schema-graph\">{\"@context\":\"https:\\\/\\\/schema.org\",\"@graph\":[{\"@type\":\"WebPage\",\"@id\":\"https:\\\/\\\/pintrip.eu\\\/de\\\/dachzelt\\\/\",\"url\":\"https:\\\/\\\/pintrip.eu\\\/de\\\/dachzelt\\\/\",\"name\":\"Pintrip mit Dachzelt | Kostenlos \u00fcbernachten in D\u00e4nemark\",\"isPartOf\":{\"@id\":\"https:\\\/\\\/pintrip.eu\\\/de\\\/#website\"},\"datePublished\":\"2026-02-16T17:04:58+00:00\",\"dateModified\":\"2026-03-11T08:38:34+00:00\",\"description\":\"Reise mit Dachzelt durch D\u00e4nemark und \u00fcbernachte bis zu 24 Stunden kostenlos bei ausgew\u00e4hlten Pintrip-Gastgebern. Erfahre hier, worauf du achten solltest.\",\"breadcrumb\":{\"@id\":\"https:\\\/\\\/pintrip.eu\\\/de\\\/dachzelt\\\/#breadcrumb\"},\"inLanguage\":\"de\",\"potentialAction\":[{\"@type\":\"ReadAction\",\"target\":[\"https:\\\/\\\/pintrip.eu\\\/de\\\/dachzelt\\\/\"]}]},{\"@type\":\"BreadcrumbList\",\"@id\":\"https:\\\/\\\/pintrip.eu\\\/de\\\/dachzelt\\\/#breadcrumb\",\"itemListElement\":[{\"@type\":\"ListItem\",\"position\":1,\"name\":\"Hjem\",\"item\":\"https:\\\/\\\/pintrip.eu\\\/de\\\/\"},{\"@type\":\"ListItem\",\"position\":2,\"name\":\"Dachzelt\"}]},{\"@type\":\"WebSite\",\"@id\":\"https:\\\/\\\/pintrip.eu\\\/de\\\/#website\",\"url\":\"https:\\\/\\\/pintrip.eu\\\/de\\\/\",\"name\":\"pintrip.eu\\\/de\",\"description\":\"a way of living\",\"potentialAction\":[{\"@type\":\"SearchAction\",\"target\":{\"@type\":\"EntryPoint\",\"urlTemplate\":\"https:\\\/\\\/pintrip.eu\\\/de\\\/?s={search_term_string}\"},\"query-input\":{\"@type\":\"PropertyValueSpecification\",\"valueRequired\":true,\"valueName\":\"search_term_string\"}}],\"inLanguage\":\"de\"}]}<\/script>\n<!-- \/ Yoast SEO plugin. -->","yoast_head_json":{"title":"Pintrip mit Dachzelt | Kostenlos \u00fcbernachten in D\u00e4nemark","description":"Reise mit Dachzelt durch D\u00e4nemark und \u00fcbernachte bis zu 24 Stunden kostenlos bei ausgew\u00e4hlten Pintrip-Gastgebern. Erfahre hier, worauf du achten solltest.","robots":{"index":"index","follow":"follow","max-snippet":"max-snippet:-1","max-image-preview":"max-image-preview:large","max-video-preview":"max-video-preview:-1"},"canonical":"https:\/\/pintrip.eu\/de\/dachzelt\/","og_locale":"de_DE","og_type":"article","og_title":"Pintrip mit Dachzelt | Kostenlos \u00fcbernachten in D\u00e4nemark","og_description":"Reise mit Dachzelt durch D\u00e4nemark und \u00fcbernachte bis zu 24 Stunden kostenlos bei ausgew\u00e4hlten Pintrip-Gastgebern. Erfahre hier, worauf du achten solltest.","og_url":"https:\/\/pintrip.eu\/de\/dachzelt\/","og_site_name":"pintrip.eu\/de","article_modified_time":"2026-03-11T08:38:34+00:00","og_image":[{"width":460,"height":306,"url":"https:\/\/pintrip.eu\/de\/wp-content\/uploads\/sites\/8\/2020\/04\/Pintrip_2020-11.jpg","type":"image\/jpeg"}],"twitter_card":"summary_large_image","twitter_misc":{"Gesch\u00e4tzte Lesezeit":"4\u00a0Minuten"},"schema":{"@context":"https:\/\/schema.org","@graph":[{"@type":"WebPage","@id":"https:\/\/pintrip.eu\/de\/dachzelt\/","url":"https:\/\/pintrip.eu\/de\/dachzelt\/","name":"Pintrip mit Dachzelt | Kostenlos \u00fcbernachten in D\u00e4nemark","isPartOf":{"@id":"https:\/\/pintrip.eu\/de\/#website"},"datePublished":"2026-02-16T17:04:58+00:00","dateModified":"2026-03-11T08:38:34+00:00","description":"Reise mit Dachzelt durch D\u00e4nemark und \u00fcbernachte bis zu 24 Stunden kostenlos bei ausgew\u00e4hlten Pintrip-Gastgebern. Erfahre hier, worauf du achten solltest.","breadcrumb":{"@id":"https:\/\/pintrip.eu\/de\/dachzelt\/#breadcrumb"},"inLanguage":"de","potentialAction":[{"@type":"ReadAction","target":["https:\/\/pintrip.eu\/de\/dachzelt\/"]}]},{"@type":"BreadcrumbList","@id":"https:\/\/pintrip.eu\/de\/dachzelt\/#breadcrumb","itemListElement":[{"@type":"ListItem","position":1,"name":"Hjem","item":"https:\/\/pintrip.eu\/de\/"},{"@type":"ListItem","position":2,"name":"Dachzelt"}]},{"@type":"WebSite","@id":"https:\/\/pintrip.eu\/de\/#website","url":"https:\/\/pintrip.eu\/de\/","name":"pintrip.eu\/de","description":"a way of living","potentialAction":[{"@type":"SearchAction","target":{"@type":"EntryPoint","urlTemplate":"https:\/\/pintrip.eu\/de\/?s={search_term_string}"},"query-input":{"@type":"PropertyValueSpecification","valueRequired":true,"valueName":"search_term_string"}}],"inLanguage":"de"}]}},"_links":{"self":[{"href":"https:\/\/pintrip.eu\/de\/wp-json\/wp\/v2\/pages\/26753","targetHints":{"allow":["GET"]}}],"collection":[{"href":"https:\/\/pintrip.eu\/de\/wp-json\/wp\/v2\/pages"}],"about":[{"href":"https:\/\/pintrip.eu\/de\/wp-json\/wp\/v2\/types\/page"}],"author":[{"embeddable":true,"href":"https:\/\/pintrip.eu\/de\/wp-json\/wp\/v2\/users\/4"}],"replies":[{"embeddable":true,"href":"https:\/\/pintrip.eu\/de\/wp-json\/wp\/v2\/comments?post=26753"}],"version-history":[{"count":11,"href":"https:\/\/pintrip.eu\/de\/wp-json\/wp\/v2\/pages\/26753\/revisions"}],"predecessor-version":[{"id":26993,"href":"https:\/\/pintrip.eu\/de\/wp-json\/wp\/v2\/pages\/26753\/revisions\/26993"}],"wp:attachment":[{"href":"https:\/\/pintrip.eu\/de\/wp-json\/wp\/v2\/media?parent=26753"}],"curies":[{"name":"wp","href":"https:\/\/api.w.org\/{rel}","templated":true}]}}